{"id":76,"date":"2024-11-12T09:50:40","date_gmt":"2024-11-12T08:50:40","guid":{"rendered":"http:\/\/rossi-catering.test\/?page_id=76"},"modified":"2025-09-05T13:25:48","modified_gmt":"2025-09-05T11:25:48","slug":"impatto-ambientale","status":"publish","type":"page","link":"https:\/\/staging.rossi.we-dev.it\/it\/impatto-ambientale\/","title":{"rendered":"Impatto ambientale"},"content":{"rendered":"<section x-data=\"heroCarousel\" class=\"hero-carousel\">\n\n  <div class=\"hero-carousel__container\">\n    <div x-ref=\"carousel\" class=\"hero-carousel__slider swiper\">\n      <div class=\"hero-carousel__wrapper swiper-wrapper\">\n                  <div class=\"hero-carousel__slide swiper-slide\">\n            <div class=\"hero-carousel__slide-bg\">\n                              <template x-if=\"$store.layout.isMobile\">\n                  \n\n<span x-ref=\"$el\"\n      :class=\"[\n              'base-image',\n              lazy ? '-is-lazy' : '',\n              loaded ? '-is-loaded' : '',\n            ]\" data-lazy=\"true\"\n      data-width=\"1901\"\n      data-height=\"1248\"\n      x-intersect.once=\"onintersect\"\n      x-data=\"image\"\n      style=\"--w: 1901; --h: 1248;\">\n      <picture class=\"base-image__picture\" x-ref=\"$picture\">\n\n              <source media=\"(max-width: 767.9px)\" data-srcset=\"https:\/\/staging.rossi.we-dev.it\/app\/uploads\/2025\/05\/hero-5-1024x672.webp\" type=\"image\/webp\">\n        <source media=\"(max-width: 767.9px)\" data-srcset=\"https:\/\/staging.rossi.we-dev.it\/app\/uploads\/2025\/05\/hero-5-1024x672.jpg\" type=\"image\/jpeg\">\n              <source media=\"(max-width: 1024px)\" data-srcset=\"https:\/\/staging.rossi.we-dev.it\/app\/uploads\/2025\/05\/hero-5.webp\" type=\"image\/webp\">\n        <source media=\"(max-width: 1024px)\" data-srcset=\"https:\/\/staging.rossi.we-dev.it\/app\/uploads\/2025\/05\/hero-5.jpg\" type=\"image\/jpeg\">\n            <source data-srcset=\"https:\/\/staging.rossi.we-dev.it\/app\/uploads\/2025\/05\/hero-5.webp\" type=\"image\/webp\">\n      <source data-srcset=\"https:\/\/staging.rossi.we-dev.it\/app\/uploads\/2025\/05\/hero-5.jpg\" type=\"image\/jpeg\">\n\n              <img x-ref=\"$image\" loading=\"lazy\" data-srcset=\"https:\/\/staging.rossi.we-dev.it\/app\/uploads\/2025\/05\/hero-5@1x.jpg 1x, https:\/\/staging.rossi.we-dev.it\/app\/uploads\/2025\/05\/hero-5@2x.jpg 2x, https:\/\/staging.rossi.we-dev.it\/app\/uploads\/2025\/05\/hero-5@3x.jpg 3x\" data-src=\"https:\/\/staging.rossi.we-dev.it\/app\/uploads\/2025\/05\/hero-5.jpg\" alt=\"hero (5)\" width=\"1901\" height=\"1248\" @load.once=\"onload\">\n      \n    <\/picture>\n  <\/span>\n                <\/template>\n                <template x-if=\"!$store.layout.isMobile\">\n                  \n\n<span x-ref=\"$el\"\n      :class=\"[\n              'base-image',\n              lazy ? '-is-lazy' : '',\n              loaded ? '-is-loaded' : '',\n            ]\" data-lazy=\"true\"\n      data-width=\"1901\"\n      data-height=\"1248\"\n      x-intersect.once=\"onintersect\"\n      x-data=\"image\"\n      style=\"--w: 1901; --h: 1248;\">\n      <picture class=\"base-image__picture\" x-ref=\"$picture\">\n\n              <source media=\"(max-width: 767.9px)\" data-srcset=\"https:\/\/staging.rossi.we-dev.it\/app\/uploads\/2025\/05\/hero-5-1024x672.webp\" type=\"image\/webp\">\n        <source media=\"(max-width: 767.9px)\" data-srcset=\"https:\/\/staging.rossi.we-dev.it\/app\/uploads\/2025\/05\/hero-5-1024x672.jpg\" type=\"image\/jpeg\">\n              <source media=\"(max-width: 1024px)\" data-srcset=\"https:\/\/staging.rossi.we-dev.it\/app\/uploads\/2025\/05\/hero-5.webp\" type=\"image\/webp\">\n        <source media=\"(max-width: 1024px)\" data-srcset=\"https:\/\/staging.rossi.we-dev.it\/app\/uploads\/2025\/05\/hero-5.jpg\" type=\"image\/jpeg\">\n            <source data-srcset=\"https:\/\/staging.rossi.we-dev.it\/app\/uploads\/2025\/05\/hero-5.webp\" type=\"image\/webp\">\n      <source data-srcset=\"https:\/\/staging.rossi.we-dev.it\/app\/uploads\/2025\/05\/hero-5.jpg\" type=\"image\/jpeg\">\n\n              <img x-ref=\"$image\" loading=\"lazy\" data-srcset=\"https:\/\/staging.rossi.we-dev.it\/app\/uploads\/2025\/05\/hero-5@1x.jpg 1x, https:\/\/staging.rossi.we-dev.it\/app\/uploads\/2025\/05\/hero-5@2x.jpg 2x, https:\/\/staging.rossi.we-dev.it\/app\/uploads\/2025\/05\/hero-5@3x.jpg 3x\" data-src=\"https:\/\/staging.rossi.we-dev.it\/app\/uploads\/2025\/05\/hero-5.jpg\" alt=\"hero (5)\" width=\"1901\" height=\"1248\" @load.once=\"onload\">\n      \n    <\/picture>\n  <\/span>\n                <\/template>\n                          <\/div>\n            <div class=\"hero-carousel__slide-content\">\n              <h1 x-intersect.once=\"titleAnimation\" class=\"hero-carousel__slide-title\"> Il nostro impatto ambientale <\/h1>\n              <div class=\"hero-carousel__slide-description\">\n                <div class=\"hero-carousel__slide-text\"><p><span style=\"font-weight: 400;\">Il nostro approccio alla sostenibilit\u00e0 si traduce in azioni concrete lungo tutta la filiera: dalla scelta di fornitori attenti all\u2019ambiente, alla riduzione degli sprechi, fino all\u2019ottimizzazione dei trasporti e dei processi interni. L\u2019obiettivo \u00e8 creare valore per i clienti e per il pianeta, dimostrando che efficienza e responsabilit\u00e0 possono andare di pari passo.<\/span><\/p>\n<\/div>\n                              <\/div>\n            <\/div>\n          <\/div>\n              <\/div>\n\n              <div class=\"hero-carousel__tooltip-wr\">\n          <div x-data=\"tooltip\" @click.throttle.500ms.outside=\"close\" class=\"base-tooltip\">\n  <div @click.throttle.500ms=\"open\" class=\"base-tooltip__btn\"> ? <\/div>\n  <div x-show=\"tooltipIsVisible\" x-ref=\"tooltip\" class=\"base-tooltip__content -pos-left\">\n    <p>Hai bisogno di un consiglio? Scrivici e ti aiuteremo.<\/p>\n\n  <\/div>\n<\/div>\n        <\/div>\n      \n          <\/div>\n  <\/div>\n<\/section>\n\n\n<section class=\"paragraph -bg-white\">\n\n\t<div class=\"paragraph__container\">\n\t\t\t\t\t<div class=\"paragraph__pretitle\">\n\t\t\t\t<span>Cosa facciamo per l\u2019ambiente<\/span>\n\t\t\t<\/div>\n\t\t\t\t\t\t\t<div class=\"paragraph__text\">\n\t\t\t\t<span><p>Ci impegniamo per avere un impatto positivo e sostenibile sulle comunit\u00e0, sui consumatori e sul pianeta.<\/p>\n<\/span>\n\t\t\t<\/div>\n\t\t\t\t\t<\/div>\n\n<\/section>\n\n\n<section x-data=\"editorialInfo({backgroundColor: 'olive'})\" class=\"editorial-info\" :class=\"`-bg-${backgroundColor}`\">\n  <div class=\"editorial-info__container\">\n    <h2 class=\"editorial-info__title\"> preservare l\u2019ambiente <\/h2>\n    <div class=\"editorial-info__text-wr\">\n      <div class=\"editorial-info__text\">\n        <p>Siamo consapevoli che ogni nostra azione ha un impatto sull&#8217;ambiente e che, come azienda impegnata nella distribuzione di alimenti di alta qualit\u00e0, abbiamo la responsabilit\u00e0 di tutelare le risorse naturali per le generazioni future. Per questo motivo, sosteniamo e promuoviamo pratiche agricole responsabili, orientate alla sostenibilit\u00e0 e al rispetto dell&#8217;ecosistema.<\/p>\n\n      <\/div>\n          <\/div>\n    <div class=\"editorial-info__main-image-wr\"> \n\n<span x-ref=\"$el\"\n      :class=\"[\n              'base-image',\n              lazy ? '-is-lazy' : '',\n              loaded ? '-is-loaded' : '',\n            ]\" data-lazy=\"true\"\n      data-width=\"1272\"\n      data-height=\"1686\"\n      x-intersect.once=\"onintersect\"\n      x-data=\"image\"\n      style=\"--w: 1272; --h: 1686;\">\n      <picture class=\"base-image__picture\" x-ref=\"$picture\">\n\n              <source media=\"(max-width: 767.9px)\" data-srcset=\"https:\/\/staging.rossi.we-dev.it\/app\/uploads\/2025\/05\/preservare_2-1-773x1024.webp\" type=\"image\/webp\">\n        <source media=\"(max-width: 767.9px)\" data-srcset=\"https:\/\/staging.rossi.we-dev.it\/app\/uploads\/2025\/05\/preservare_2-1-773x1024.jpg\" type=\"image\/jpeg\">\n              <source media=\"(max-width: 1024px)\" data-srcset=\"https:\/\/staging.rossi.we-dev.it\/app\/uploads\/2025\/05\/preservare_2-1.webp\" type=\"image\/webp\">\n        <source media=\"(max-width: 1024px)\" data-srcset=\"https:\/\/staging.rossi.we-dev.it\/app\/uploads\/2025\/05\/preservare_2-1.jpg\" type=\"image\/jpeg\">\n            <source data-srcset=\"https:\/\/staging.rossi.we-dev.it\/app\/uploads\/2025\/05\/preservare_2-1.webp\" type=\"image\/webp\">\n      <source data-srcset=\"https:\/\/staging.rossi.we-dev.it\/app\/uploads\/2025\/05\/preservare_2-1.jpg\" type=\"image\/jpeg\">\n\n              <img x-ref=\"$image\" loading=\"lazy\" data-srcset=\"https:\/\/staging.rossi.we-dev.it\/app\/uploads\/2025\/05\/preservare_2-1@1x.jpg 1x, https:\/\/staging.rossi.we-dev.it\/app\/uploads\/2025\/05\/preservare_2-1@2x.jpg 2x, https:\/\/staging.rossi.we-dev.it\/app\/uploads\/2025\/05\/preservare_2-1@3x.jpg 3x\" data-src=\"https:\/\/staging.rossi.we-dev.it\/app\/uploads\/2025\/05\/preservare_2-1.jpg\" alt=\"preservare_2 (1)\" width=\"1272\" height=\"1686\" @load.once=\"onload\">\n      \n    <\/picture>\n  <\/span>\n <\/div>\n    <div class=\"editorial-info__sec-image-wr\"> \n\n<span x-ref=\"$el\"\n      :class=\"[\n              'base-image',\n              lazy ? '-is-lazy' : '',\n              loaded ? '-is-loaded' : '',\n            ]\" data-lazy=\"true\"\n      data-width=\"1258\"\n      data-height=\"1612\"\n      x-intersect.once=\"onintersect\"\n      x-data=\"image\"\n      style=\"--w: 1258; --h: 1612;\">\n      <picture class=\"base-image__picture\" x-ref=\"$picture\">\n\n              <source media=\"(max-width: 767.9px)\" data-srcset=\"https:\/\/staging.rossi.we-dev.it\/app\/uploads\/2025\/05\/preservare_1-799x1024.webp\" type=\"image\/webp\">\n        <source media=\"(max-width: 767.9px)\" data-srcset=\"https:\/\/staging.rossi.we-dev.it\/app\/uploads\/2025\/05\/preservare_1-799x1024.jpg\" type=\"image\/jpeg\">\n              <source media=\"(max-width: 1024px)\" data-srcset=\"https:\/\/staging.rossi.we-dev.it\/app\/uploads\/2025\/05\/preservare_1.webp\" type=\"image\/webp\">\n        <source media=\"(max-width: 1024px)\" data-srcset=\"https:\/\/staging.rossi.we-dev.it\/app\/uploads\/2025\/05\/preservare_1.jpg\" type=\"image\/jpeg\">\n            <source data-srcset=\"https:\/\/staging.rossi.we-dev.it\/app\/uploads\/2025\/05\/preservare_1.webp\" type=\"image\/webp\">\n      <source data-srcset=\"https:\/\/staging.rossi.we-dev.it\/app\/uploads\/2025\/05\/preservare_1.jpg\" type=\"image\/jpeg\">\n\n              <img x-ref=\"$image\" loading=\"lazy\" data-srcset=\"https:\/\/staging.rossi.we-dev.it\/app\/uploads\/2025\/05\/preservare_1@1x.jpg 1x, https:\/\/staging.rossi.we-dev.it\/app\/uploads\/2025\/05\/preservare_1@2x.jpg 2x, https:\/\/staging.rossi.we-dev.it\/app\/uploads\/2025\/05\/preservare_1@3x.jpg 3x\" data-src=\"https:\/\/staging.rossi.we-dev.it\/app\/uploads\/2025\/05\/preservare_1.jpg\" alt=\"preservare_1\" width=\"1258\" height=\"1612\" @load.once=\"onload\">\n      \n    <\/picture>\n  <\/span>\n <\/div>\n    <ul class=\"editorial-info__bullets\">\n              <li>\n          Ottimizzare l&#8217;uso delle risorse \n        <\/li>\n              <li>\n          Contribuire alla neutralit\u00e0 carbonica\n        <\/li>\n              <li>\n          Integrare l&#8217;agricoltura sostenibile\n        <\/li>\n          <\/ul>\n  <\/div>\n<\/section>\n\n\n<section class=\"paragraph -bg-white\">\n\n\t<div class=\"paragraph__container\">\n\t\t\t\t\t<div class=\"paragraph__pretitle\">\n\t\t\t\t<span>Le nostre certificazioni<\/span>\n\t\t\t<\/div>\n\t\t\t\t\t\t\t<div class=\"paragraph__text\">\n\t\t\t\t<span><p>I nostri processi e sistemi sono tutti certificati perch\u00e9 per noi la qualit\u00e0 e la sicurezza sono i punti di partenza.<\/p>\n<\/span>\n\t\t\t<\/div>\n\t\t\t\t\t<\/div>\n\n<\/section>\n\n\n<section class=\"accordion -bg-white\">\n  <div class=\"accordion__container\">\n          <div x-data=\"accordionItem({ title: 'qualit\u00e0' })\" class=\"accordion-item\">\n  <div class=\"accordion-item__title\" @click=\"toggle()\">\n    <div x-ref=\"icon\">  <span class=\"base-icon -plus\">\n<svg width=\"24\" height=\"24\" id=\"Livello_1\" xmlns=\"http:\/\/www.w3.org\/2000\/svg\" version=\"1.1\" viewBox=\"0 0 24 24\">\n  <path fill=\"currentColor\" class=\"st0\" d=\"M24,11.5s0,0,0,0h-11.5V0s0,0,0,0h-1s0,0,0,0v11.5H0s0,0,0,0v1s0,0,0,0h11.5v11.5s0,0,0,0h1s0,0,0,0v-11.5h11.5s0,0,0,0v-1Z\"\/>\n<\/svg>\n<\/span>\n<\/div>\n    <div x-html=\"title\"><\/div>\n  <\/div>\n  <div x-ref=\"text\" class=\"accordion-item__text\">\n    <div> <p>Il nostro sistema di gestione per la qualit\u00e0 (UNI EN ISO 9001:2015) dimostra la capacit\u00e0 di fornire con regolarit\u00e0 un prodotto che soddisfi i requisiti del cliente, tramite l\u2019applicazione efficace del sistema e il continuo miglioramento. Abbiamo ottenuto la certificazione UNI 10854:1999, sistema di gestione per l\u2019autocontrollo basato sul metodo HACCP e la certificazione biologica. Rossi \u00e8 un partner affidabile, che risolve i problemi dei clienti, velocizzando la consegna e rendendo efficiente la cucina. Aver la possibilit\u00e0 di acquistare molte materie prime senza aver l\u2019incubo di dove metterle, perch\u00e9 lo spazio lo mettiamo noi, diventa risparmio garantito.<\/p>\n <\/div>\n  <\/div>\n<\/div>\n          <div x-data=\"accordionItem({ title: 'sicurezza alimentare' })\" class=\"accordion-item\">\n  <div class=\"accordion-item__title\" @click=\"toggle()\">\n    <div x-ref=\"icon\">  <span class=\"base-icon -plus\">\n<svg width=\"24\" height=\"24\" id=\"Livello_1\" xmlns=\"http:\/\/www.w3.org\/2000\/svg\" version=\"1.1\" viewBox=\"0 0 24 24\">\n  <path fill=\"currentColor\" class=\"st0\" d=\"M24,11.5s0,0,0,0h-11.5V0s0,0,0,0h-1s0,0,0,0v11.5H0s0,0,0,0v1s0,0,0,0h11.5v11.5s0,0,0,0h1s0,0,0,0v-11.5h11.5s0,0,0,0v-1Z\"\/>\n<\/svg>\n<\/span>\n<\/div>\n    <div x-html=\"title\"><\/div>\n  <\/div>\n  <div x-ref=\"text\" class=\"accordion-item__text\">\n    <div> <p>Per garantire la sicurezza agroalimentare \u201cdal campo alla tavola\u201d, Rossi segue il percorso della certificazione UNI EN ISO 2200:2005, i cui capisaldi sono la comunicazione interattiva, la gestione del sistema, i programmi di prerequisiti e i principi HACCP. Ogni prodotto segue un processo, che viene registrato e che d\u00e0 la possibilit\u00e0 ad ogni operatore che tratta quel prodotto di vedere la sua storia e, qualora presenti, visualizzare i punti di rischio, andandoli ad evidenziare. La sicurezza deve essere la partenza, non un valore aggiunto.<\/p>\n <\/div>\n  <\/div>\n<\/div>\n          <div x-data=\"accordionItem({ title: 'rintracciabilit\u00e0' })\" class=\"accordion-item\">\n  <div class=\"accordion-item__title\" @click=\"toggle()\">\n    <div x-ref=\"icon\">  <span class=\"base-icon -plus\">\n<svg width=\"24\" height=\"24\" id=\"Livello_1\" xmlns=\"http:\/\/www.w3.org\/2000\/svg\" version=\"1.1\" viewBox=\"0 0 24 24\">\n  <path fill=\"currentColor\" class=\"st0\" d=\"M24,11.5s0,0,0,0h-11.5V0s0,0,0,0h-1s0,0,0,0v11.5H0s0,0,0,0v1s0,0,0,0h11.5v11.5s0,0,0,0h1s0,0,0,0v-11.5h11.5s0,0,0,0v-1Z\"\/>\n<\/svg>\n<\/span>\n<\/div>\n    <div x-html=\"title\"><\/div>\n  <\/div>\n  <div x-ref=\"text\" class=\"accordion-item__text\">\n    <div> <p>I cuochi, quando utilizzano una materia prima, devono poter rintracciare la sua origine: noi di Rossi ti forniamo ogni ingrediente con un\u2019etichetta che racconta la sua storia dall\u2019origine al momento in cui tu lo utilizzi. Il processo, certificato UNI EN 22005:2008, \u00e8 essenziale soprattutto nelle diete speciali, che necessitano di una rintracciabilit\u00e0 sicura per ogni ingrediente.<\/p>\n <\/div>\n  <\/div>\n<\/div>\n      <\/div>\n<\/section>\n\n\n<section x-data=\"textImage({backgroundColor: 'olive', type: 'heading' })\" class=\"text-image\" :class=\"[`-bg-${backgroundColor}`, `-type-${type}` ]\">\n  <div class=\"text-image__container\">\n    <div class=\"text-image__text-wr -flex-1\">\n              <div class=\"text-image__pretitle\"> Territorio e Sostenibilit\u00e0 <\/div>\n                    <h2 class=\"text-image__title\"> collaborazioni responsabili <\/h2>\n                    <div class=\"text-image__text\"><p>Abbiamo selezionato i migliori fornitori in grado \u2028di garantirti un prodotto di altissima qualit\u00e0. Ogni sapore \u00e8 il risultato di un racconto territoriale.<\/p>\n <\/div>\n                    <div class=\"text-image__cta\">\n          \n\n<div x-data=\"baseButton\"\n      class=\"base-button\n          -icon\n          -primary\n        \">\n\t\t\t<a x-ref=\"btn\"\n      href=\"\/it\/collaborazioni-responsabili\/\"\n      target=\"\"\n      @click=\"click()\"\n      class=\"base-button__wrapper\"\n      aria-label=\"Scopri di pi\u00f9\"\n      \n          >\n\t\t\t<span class=\"base-button__label\">\n\t\t\t\t<span>Scopri di pi\u00f9<\/span>\n\t\t\t<\/span>\n\t\t\t\t\t\t\t<span class=\"base-button__icon\">\n\t\t\t\t\t  <span class=\"base-icon -long-arrow-right-circle\"><svg width=\"78\" height=\"36\" viewBox=\"0 0 78 36\" fill=\"none\" xmlns=\"http:\/\/www.w3.org\/2000\/svg\">\n<circle cx=\"60\" cy=\"18\" r=\"17.5\" stroke=\"currentColor\"\/>\n<path d=\"M60.3536 18.3536C60.5488 18.1583 60.5488 17.8417 60.3536 17.6464L57.1716 14.4645C56.9763 14.2692 56.6597 14.2692 56.4645 14.4645C56.2692 14.6597 56.2692 14.9763 56.4645 15.1716L59.2929 18L56.4645 20.8284C56.2692 21.0237 56.2692 21.3403 56.4645 21.5355C56.6597 21.7308 56.9763 21.7308 57.1716 21.5355L60.3536 18.3536ZM0 18.5H60V17.5H0V18.5Z\" fill=\"currentColor\"\/>\n<\/svg>\n<\/span>\n\t\t\t\t<\/span>\n      \t\t<\/a>\n\t<\/div>\n        <\/div>\n          <\/div>\n    <template x-if=\"type == 'basic'\">\n      <div x-intersect.once.threshold.20=\"imageAnimation\" class=\"text-image__image-wr -flex-2\">\n        <div x-ref=\"image\" class=\"text-image__img-container\">\n          \n\n<span x-ref=\"$el\"\n      :class=\"[\n              'base-image',\n              lazy ? '-is-lazy' : '',\n              loaded ? '-is-loaded' : '',\n            ]\" data-lazy=\"true\"\n      data-width=\"1272\"\n      data-height=\"1686\"\n      x-intersect.once=\"onintersect\"\n      x-data=\"image\"\n      style=\"--w: 1272; --h: 1686;\">\n      <picture class=\"base-image__picture\" x-ref=\"$picture\">\n\n              <source media=\"(max-width: 767.9px)\" data-srcset=\"https:\/\/staging.rossi.we-dev.it\/app\/uploads\/2025\/05\/collaborazioni_1-773x1024.webp\" type=\"image\/webp\">\n        <source media=\"(max-width: 767.9px)\" data-srcset=\"https:\/\/staging.rossi.we-dev.it\/app\/uploads\/2025\/05\/collaborazioni_1-773x1024.jpg\" type=\"image\/jpeg\">\n              <source media=\"(max-width: 1024px)\" data-srcset=\"https:\/\/staging.rossi.we-dev.it\/app\/uploads\/2025\/05\/collaborazioni_1.webp\" type=\"image\/webp\">\n        <source media=\"(max-width: 1024px)\" data-srcset=\"https:\/\/staging.rossi.we-dev.it\/app\/uploads\/2025\/05\/collaborazioni_1.jpg\" type=\"image\/jpeg\">\n            <source data-srcset=\"https:\/\/staging.rossi.we-dev.it\/app\/uploads\/2025\/05\/collaborazioni_1.webp\" type=\"image\/webp\">\n      <source data-srcset=\"https:\/\/staging.rossi.we-dev.it\/app\/uploads\/2025\/05\/collaborazioni_1.jpg\" type=\"image\/jpeg\">\n\n              <img x-ref=\"$image\" loading=\"lazy\" data-srcset=\"https:\/\/staging.rossi.we-dev.it\/app\/uploads\/2025\/05\/collaborazioni_1@1x.jpg 1x, https:\/\/staging.rossi.we-dev.it\/app\/uploads\/2025\/05\/collaborazioni_1@2x.jpg 2x, https:\/\/staging.rossi.we-dev.it\/app\/uploads\/2025\/05\/collaborazioni_1@3x.jpg 3x\" data-src=\"https:\/\/staging.rossi.we-dev.it\/app\/uploads\/2025\/05\/collaborazioni_1.jpg\" alt=\"collaborazioni_1\" width=\"1272\" height=\"1686\" @load.once=\"onload\">\n      \n    <\/picture>\n  <\/span>\n        <\/div>\n        <div x-ref=\"overlay\" :class=\"[`-bg-${backgroundColor}`]\" class=\"text-image__img-overlay\"><\/div>\n      <\/div>\n    <\/template>\n    <template x-if=\"type == 'heading'\">\n      <div class=\"text-image__image-wr -flex-2\">\n        <div class=\"text-image__img-container\">\n          \n\n<span x-ref=\"$el\"\n      :class=\"[\n              'base-image',\n              lazy ? '-is-lazy' : '',\n              loaded ? '-is-loaded' : '',\n            ]\" data-lazy=\"true\"\n      data-width=\"1272\"\n      data-height=\"1686\"\n      x-intersect.once=\"onintersect\"\n      x-data=\"image\"\n      style=\"--w: 1272; --h: 1686;\">\n      <picture class=\"base-image__picture\" x-ref=\"$picture\">\n\n              <source media=\"(max-width: 767.9px)\" data-srcset=\"https:\/\/staging.rossi.we-dev.it\/app\/uploads\/2025\/05\/collaborazioni_1-773x1024.webp\" type=\"image\/webp\">\n        <source media=\"(max-width: 767.9px)\" data-srcset=\"https:\/\/staging.rossi.we-dev.it\/app\/uploads\/2025\/05\/collaborazioni_1-773x1024.jpg\" type=\"image\/jpeg\">\n              <source media=\"(max-width: 1024px)\" data-srcset=\"https:\/\/staging.rossi.we-dev.it\/app\/uploads\/2025\/05\/collaborazioni_1.webp\" type=\"image\/webp\">\n        <source media=\"(max-width: 1024px)\" data-srcset=\"https:\/\/staging.rossi.we-dev.it\/app\/uploads\/2025\/05\/collaborazioni_1.jpg\" type=\"image\/jpeg\">\n            <source data-srcset=\"https:\/\/staging.rossi.we-dev.it\/app\/uploads\/2025\/05\/collaborazioni_1.webp\" type=\"image\/webp\">\n      <source data-srcset=\"https:\/\/staging.rossi.we-dev.it\/app\/uploads\/2025\/05\/collaborazioni_1.jpg\" type=\"image\/jpeg\">\n\n              <img x-ref=\"$image\" loading=\"lazy\" data-srcset=\"https:\/\/staging.rossi.we-dev.it\/app\/uploads\/2025\/05\/collaborazioni_1@1x.jpg 1x, https:\/\/staging.rossi.we-dev.it\/app\/uploads\/2025\/05\/collaborazioni_1@2x.jpg 2x, https:\/\/staging.rossi.we-dev.it\/app\/uploads\/2025\/05\/collaborazioni_1@3x.jpg 3x\" data-src=\"https:\/\/staging.rossi.we-dev.it\/app\/uploads\/2025\/05\/collaborazioni_1.jpg\" alt=\"collaborazioni_1\" width=\"1272\" height=\"1686\" @load.once=\"onload\">\n      \n    <\/picture>\n  <\/span>\n                      <div x-ref=\"circleImage\" x-intersect.once.full=\"circleImageAnimation\" class=\"text-image__circle-img-container\">\n              \n\n<span x-ref=\"$el\"\n      :class=\"[\n              'base-image',\n              lazy ? '-is-lazy' : '',\n              loaded ? '-is-loaded' : '',\n            ]\" data-lazy=\"true\"\n      data-width=\"2524\"\n      data-height=\"1674\"\n      x-intersect.once=\"onintersect\"\n      x-data=\"image\"\n      style=\"--w: 2524; --h: 1674;\">\n      <picture class=\"base-image__picture\" x-ref=\"$picture\">\n\n              <source media=\"(max-width: 767.9px)\" data-srcset=\"https:\/\/staging.rossi.we-dev.it\/app\/uploads\/2025\/05\/collaborazioni_2-1024x679.webp\" type=\"image\/webp\">\n        <source media=\"(max-width: 767.9px)\" data-srcset=\"https:\/\/staging.rossi.we-dev.it\/app\/uploads\/2025\/05\/collaborazioni_2-1024x679.jpg\" type=\"image\/jpeg\">\n              <source media=\"(max-width: 1024px)\" data-srcset=\"https:\/\/staging.rossi.we-dev.it\/app\/uploads\/2025\/05\/collaborazioni_2.webp\" type=\"image\/webp\">\n        <source media=\"(max-width: 1024px)\" data-srcset=\"https:\/\/staging.rossi.we-dev.it\/app\/uploads\/2025\/05\/collaborazioni_2.jpg\" type=\"image\/jpeg\">\n            <source data-srcset=\"https:\/\/staging.rossi.we-dev.it\/app\/uploads\/2025\/05\/collaborazioni_2.webp\" type=\"image\/webp\">\n      <source data-srcset=\"https:\/\/staging.rossi.we-dev.it\/app\/uploads\/2025\/05\/collaborazioni_2.jpg\" type=\"image\/jpeg\">\n\n              <img x-ref=\"$image\" loading=\"lazy\" data-srcset=\"https:\/\/staging.rossi.we-dev.it\/app\/uploads\/2025\/05\/collaborazioni_2@1x.jpg 1x, https:\/\/staging.rossi.we-dev.it\/app\/uploads\/2025\/05\/collaborazioni_2@2x.jpg 2x, https:\/\/staging.rossi.we-dev.it\/app\/uploads\/2025\/05\/collaborazioni_2@3x.jpg 3x\" data-src=\"https:\/\/staging.rossi.we-dev.it\/app\/uploads\/2025\/05\/collaborazioni_2.jpg\" alt=\"collaborazioni_2\" width=\"2524\" height=\"1674\" @load.once=\"onload\">\n      \n    <\/picture>\n  <\/span>\n            <\/div>\n                  <\/div>\n      <\/div>\n    <\/template>\n  <\/div>\n<\/section>\n","protected":false},"excerpt":{"rendered":"","protected":false},"author":1,"featured_media":0,"parent":0,"menu_order":0,"comment_status":"closed","ping_status":"closed","template":"","meta":{"_acf_changed":false,"footnotes":""},"class_list":["post-76","page","type-page","status-publish","hentry"],"acf":[],"yoast_head":"<!-- This site is optimized with the Yoast SEO plugin v26.5 - https:\/\/yoast.com\/wordpress\/plugins\/seo\/ -->\n<title>Rossi Catering<\/title>\n<meta name=\"robots\" content=\"noindex, follow, max-snippet:-1, max-image-preview:large, max-video-preview:-1\" \/>\n<meta property=\"og:locale\" content=\"it_IT\" \/>\n<meta property=\"og:type\" content=\"website\" \/>\n<meta property=\"og:site_name\" content=\"Rossi Catering\" \/>\n<meta name=\"twitter:card\" content=\"summary_large_image\" \/>\n<script type=\"application\/ld+json\" class=\"yoast-schema-graph\">{\"@context\":\"https:\/\/schema.org\",\"@graph\":[{\"@type\":\"WebSite\",\"@id\":\"https:\/\/staging.rossi.we-dev.it\/it\/#website\",\"url\":\"https:\/\/staging.rossi.we-dev.it\/it\/\",\"name\":\"Rossi Catering\",\"description\":\"\",\"potentialAction\":[{\"@type\":\"SearchAction\",\"target\":{\"@type\":\"EntryPoint\",\"urlTemplate\":\"https:\/\/staging.rossi.we-dev.it\/it\/?s={search_term_string}\"},\"query-input\":{\"@type\":\"PropertyValueSpecification\",\"valueRequired\":true,\"valueName\":\"search_term_string\"}}],\"inLanguage\":\"it-IT\"}]}<\/script>\n<!-- \/ Yoast SEO plugin. -->","yoast_head_json":{"title":"Rossi Catering","robots":{"index":"noindex","follow":"follow","max-snippet":"max-snippet:-1","max-image-preview":"max-image-preview:large","max-video-preview":"max-video-preview:-1"},"og_locale":"it_IT","og_type":"website","og_site_name":"Rossi Catering","twitter_card":"summary_large_image","schema":{"@context":"https:\/\/schema.org","@graph":[{"@type":"WebSite","@id":"https:\/\/staging.rossi.we-dev.it\/it\/#website","url":"https:\/\/staging.rossi.we-dev.it\/it\/","name":"Rossi Catering","description":"","potentialAction":[{"@type":"SearchAction","target":{"@type":"EntryPoint","urlTemplate":"https:\/\/staging.rossi.we-dev.it\/it\/?s={search_term_string}"},"query-input":{"@type":"PropertyValueSpecification","valueRequired":true,"valueName":"search_term_string"}}],"inLanguage":"it-IT"}]}},"_links":{"self":[{"href":"https:\/\/staging.rossi.we-dev.it\/it\/wp-json\/wp\/v2\/pages\/76","targetHints":{"allow":["GET"]}}],"collection":[{"href":"https:\/\/staging.rossi.we-dev.it\/it\/wp-json\/wp\/v2\/pages"}],"about":[{"href":"https:\/\/staging.rossi.we-dev.it\/it\/wp-json\/wp\/v2\/types\/page"}],"author":[{"embeddable":true,"href":"https:\/\/staging.rossi.we-dev.it\/it\/wp-json\/wp\/v2\/users\/1"}],"replies":[{"embeddable":true,"href":"https:\/\/staging.rossi.we-dev.it\/it\/wp-json\/wp\/v2\/comments?post=76"}],"version-history":[{"count":17,"href":"https:\/\/staging.rossi.we-dev.it\/it\/wp-json\/wp\/v2\/pages\/76\/revisions"}],"predecessor-version":[{"id":1052,"href":"https:\/\/staging.rossi.we-dev.it\/it\/wp-json\/wp\/v2\/pages\/76\/revisions\/1052"}],"wp:attachment":[{"href":"https:\/\/staging.rossi.we-dev.it\/it\/wp-json\/wp\/v2\/media?parent=76"}],"curies":[{"name":"wp","href":"https:\/\/api.w.org\/{rel}","templated":true}]}}